{"id":9640,"date":"2022-12-23T12:18:15","date_gmt":"2022-12-23T11:18:15","guid":{"rendered":"https:\/\/ladyfitness-schenefeld.de\/?page_id=9640"},"modified":"2026-03-31T17:19:06","modified_gmt":"2026-03-31T15:19:06","slug":"startseite","status":"publish","type":"page","link":"https:\/\/ladyfitness-schenefeld.de\/tr\/","title":{"rendered":"Startseite"},"content":{"rendered":"    <div class=\"swiper-container imageslider-swiper large-image-slider\">\r\n        <div class=\"swiper-wrapper\">\r\n                            <div class=\"swiper-slide\">\r\n                                        <img decoding=\"async\" src=\"https:\/\/ladyfitness-schenefeld.de\/wp-content\/uploads\/LF_Startseite_H_Frau-Gewichte-heben_macniak-1-2400x800.jpg\" alt=\"Frau macht Workout mit Gewicht\">\r\n                                                                    <div class=\"image-slider-text\" style=\"background-color: rgba(,,,0.8)\">\r\n                            <p><br data-mce-bogus=\"1\"><\/p>\n                        <\/div>\r\n                                    <\/div>\r\n                    <\/div>\r\n        <div class=\"swiper-pagination\"><\/div>\r\n        <div class=\"swiper-button-prev\"><\/div>\r\n        <div class=\"swiper-button-next\"><\/div>\r\n    <\/div>\r\n\n\n        <div class=\"flexible-content acf-content shadow-\" style=\"background-image: none;\" id=\"block_47f80434ae0da5d2f0a95c07558992e9\">\r\n        <div class=\"flexible-content-inner\" style=\"background-color: transparent;\">\r\n            <div class=\"flexible-item-wrapper\">\r\n                                <div class=\"container flexible-items\">\r\n                    <div class=\"row\">\r\n                                                                                    <div class=\" col-sm flexible-item flex-text uncondensed\" data-aos=\"fade-up\">\r\n                                   <div class=\"inner\">\r\n                                       <h1>Lady Fitness Schenefeld<\/h1>\n<h2>Kad\u0131nlar i\u00e7in kad\u0131nlar taraf\u0131ndan fitness<\/h2>\n<p><strong>Sizi s\u0131cak bir \u015fekilde kar\u015f\u0131l\u0131yoruz!<\/strong> Bizi ziyaret etti\u011finiz ve fitness programlar\u0131m\u0131za g\u00f6sterdi\u011finiz ilgi i\u00e7in te\u015fekk\u00fcr ederiz. G\u00fcnl\u00fck ge\u00e7i\u015fler, esnek \u00fcyelikler ve ki\u015fisel e\u011fitimler sunuyoruz ve ki\u015fisel bir toplant\u0131 s\u0131ras\u0131nda size daha fazla bilgi vermekten mutluluk duyaca\u011f\u0131z. Burada, sevdiklerinizle her t\u00fcrl\u00fc konuda sohbet ederken rahat bir atmosferde fig\u00fcr shake lerle keyfini \u00e7\u0131karmak i\u00e7in bolca alan var. Antrenman yapmak ve rahatlamak i\u00e7in d\u00fczenli olarak bulu\u015fabilece\u011finiz yeni ve harika ba\u011flant\u0131lar kurun!<\/p>\n                                   <\/div>\r\n                                <\/div>\r\n                                                                        <\/div>\r\n                <\/div>\r\n            <\/div>\r\n        <\/div>\r\n    <\/div>\r\n\r\n\n\n\r\n\n\n\r\n\n\n        <div class=\"flexible-content acf-content shadow-1\" style=\"background-image: none;\" id=\"block_2e42418720f0d448f6338b09d5c93ada\">\r\n        <div class=\"flexible-content-inner\" style=\"background-color: transparent;\">\r\n            <div class=\"flexible-item-wrapper\">\r\n                                <div class=\"container flexible-items\">\r\n                    <div class=\"row\">\r\n                                                                                    <div class=\" col-lg-4 flexible-item flex-text condensed\" data-aos=\"fade-up\">\r\n                                   <div class=\"inner\">\r\n                                       <p><img loading=\"lazy\" decoding=\"async\" class=\"aligncenter wp-image-7031\" src=\"https:\/\/ladyfitness-schenefeld.de\/wp-content\/uploads\/LF_Trainingswelt_C_Spezialworkouts_Goodboy-Picture-Company-1-300x200.jpg\" alt=\"\" width=\"400\" height=\"267\" srcset=\"https:\/\/ladyfitness-schenefeld.de\/wp-content\/uploads\/LF_Trainingswelt_C_Spezialworkouts_Goodboy-Picture-Company-1-300x200.jpg 300w, https:\/\/ladyfitness-schenefeld.de\/wp-content\/uploads\/LF_Trainingswelt_C_Spezialworkouts_Goodboy-Picture-Company-1-768x512.jpg 768w, https:\/\/ladyfitness-schenefeld.de\/wp-content\/uploads\/LF_Trainingswelt_C_Spezialworkouts_Goodboy-Picture-Company-1-600x400.jpg 600w, https:\/\/ladyfitness-schenefeld.de\/wp-content\/uploads\/LF_Trainingswelt_C_Spezialworkouts_Goodboy-Picture-Company-1.jpg 1000w\" sizes=\"(max-width: 400px) 100vw, 400px\" \/><\/p>\n<h3 style=\"text-align: center\">Fitness d\u00fcnyas\u0131<\/h3>\n<p style=\"text-align: center\">Son teknoloji e\u011fitim programlar\u0131, motive edici destek ve aile ortam\u0131n\u0131n m\u00fckemmel kar\u0131\u015f\u0131m\u0131n\u0131 deneyimleyin.<\/p>\n<p><a href=\"https:\/\/ladyfitness-schenefeld.de\/tr\/fitnesswelt\/\"><img loading=\"lazy\" decoding=\"async\" class=\"aligncenter size-full wp-image-9157\" src=\"https:\/\/ladyfitness-schenefeld.de\/wp-content\/uploads\/LF_CTA_Fitnesswelten.jpg\" alt=\"\" width=\"600\" height=\"113\" srcset=\"https:\/\/ladyfitness-schenefeld.de\/wp-content\/uploads\/LF_CTA_Fitnesswelten.jpg 600w, https:\/\/ladyfitness-schenefeld.de\/wp-content\/uploads\/LF_CTA_Fitnesswelten-300x57.jpg 300w\" sizes=\"(max-width: 600px) 100vw, 600px\" \/><\/a><\/p>\n                                   <\/div>\r\n                                <\/div>\r\n                                                                                                                <div class=\" col-lg-4 flexible-item flex-text condensed\" data-aos=\"fade-up\">\r\n                                   <div class=\"inner\">\r\n                                       <p><img loading=\"lazy\" decoding=\"async\" class=\"aligncenter wp-image-7019\" src=\"https:\/\/ladyfitness-schenefeld.de\/wp-content\/uploads\/LF_Trainingswelt_C_Anti-Cellulite-Rollenmassage_MurzikNata-300x200.jpg\" alt=\"Fitness Workout Equipment\" width=\"400\" height=\"267\" srcset=\"https:\/\/ladyfitness-schenefeld.de\/wp-content\/uploads\/LF_Trainingswelt_C_Anti-Cellulite-Rollenmassage_MurzikNata-300x200.jpg 300w, https:\/\/ladyfitness-schenefeld.de\/wp-content\/uploads\/LF_Trainingswelt_C_Anti-Cellulite-Rollenmassage_MurzikNata-768x513.jpg 768w, https:\/\/ladyfitness-schenefeld.de\/wp-content\/uploads\/LF_Trainingswelt_C_Anti-Cellulite-Rollenmassage_MurzikNata-600x401.jpg 600w, https:\/\/ladyfitness-schenefeld.de\/wp-content\/uploads\/LF_Trainingswelt_C_Anti-Cellulite-Rollenmassage_MurzikNata.jpg 1000w\" sizes=\"(max-width: 400px) 100vw, 400px\" \/><\/p>\n<h3 style=\"text-align: center\">Kurs d\u00fcnyas\u0131<\/h3>\n<p style=\"text-align: center\">\u0130ki egzersiz odas\u0131nda grup fitness deneyimleri size ilham verecek. Deneyin ve kendiniz g\u00f6r\u00fcn.<\/p>\n<p style=\"text-align: center\"><a href=\"https:\/\/ladyfitness-schenefeld.de\/tr\/kursplan\/\"><img loading=\"lazy\" decoding=\"async\" class=\"aligncenter size-full wp-image-9163\" src=\"https:\/\/ladyfitness-schenefeld.de\/wp-content\/uploads\/LF_CTA_Kursplan.jpg\" alt=\"\" width=\"600\" height=\"113\" srcset=\"https:\/\/ladyfitness-schenefeld.de\/wp-content\/uploads\/LF_CTA_Kursplan.jpg 600w, https:\/\/ladyfitness-schenefeld.de\/wp-content\/uploads\/LF_CTA_Kursplan-300x57.jpg 300w\" sizes=\"(max-width: 600px) 100vw, 600px\" \/><\/a><\/p>\n                                   <\/div>\r\n                                <\/div>\r\n                                                                                                                <div class=\" col-lg-4 flexible-item flex-text condensed\" data-aos=\"fade-up\">\r\n                                   <div class=\"inner\">\r\n                                       <p><img loading=\"lazy\" decoding=\"async\" class=\"aligncenter wp-image-7342\" src=\"https:\/\/ladyfitness-schenefeld.de\/wp-content\/uploads\/LF_Studio_Werte_CTA_Entspannt-Gluecklich-300x200.jpeg\" alt=\"\" width=\"400\" height=\"267\" srcset=\"https:\/\/ladyfitness-schenefeld.de\/wp-content\/uploads\/LF_Studio_Werte_CTA_Entspannt-Gluecklich-300x200.jpeg 300w, https:\/\/ladyfitness-schenefeld.de\/wp-content\/uploads\/LF_Studio_Werte_CTA_Entspannt-Gluecklich-1024x683.jpeg 1024w, https:\/\/ladyfitness-schenefeld.de\/wp-content\/uploads\/LF_Studio_Werte_CTA_Entspannt-Gluecklich-768x512.jpeg 768w, https:\/\/ladyfitness-schenefeld.de\/wp-content\/uploads\/LF_Studio_Werte_CTA_Entspannt-Gluecklich-1536x1024.jpeg 1536w, https:\/\/ladyfitness-schenefeld.de\/wp-content\/uploads\/LF_Studio_Werte_CTA_Entspannt-Gluecklich-600x400.jpeg 600w, https:\/\/ladyfitness-schenefeld.de\/wp-content\/uploads\/LF_Studio_Werte_CTA_Entspannt-Gluecklich.jpeg 1650w\" sizes=\"(max-width: 400px) 100vw, 400px\" \/><\/p>\n<h3 style=\"text-align: center\">Sa\u011fl\u0131k d\u00fcnyas\u0131<\/h3>\n<p style=\"text-align: center\">Rehabilitasyon spor e\u011fitmenleri, spor bilimciler ve ki\u015fisel e\u011fitmenler sa\u011fl\u0131k hedefinize giden yolda size e\u015flik eder.<\/p>\n<p style=\"text-align: center\"><a href=\"https:\/\/ladyfitness-schenefeld.de\/gesundheit\/\"><img loading=\"lazy\" decoding=\"async\" class=\"aligncenter size-full wp-image-9159\" src=\"https:\/\/ladyfitness-schenefeld.de\/wp-content\/uploads\/LF_CTA_Gesund_leben.jpg\" alt=\"\" width=\"600\" height=\"113\" srcset=\"https:\/\/ladyfitness-schenefeld.de\/wp-content\/uploads\/LF_CTA_Gesund_leben.jpg 600w, https:\/\/ladyfitness-schenefeld.de\/wp-content\/uploads\/LF_CTA_Gesund_leben-300x57.jpg 300w\" sizes=\"(max-width: 600px) 100vw, 600px\" \/><\/a><\/p>\n                                   <\/div>\r\n                                <\/div>\r\n                                                                        <\/div>\r\n                <\/div>\r\n            <\/div>\r\n        <\/div>\r\n    <\/div>\r\n\r\n\n\n    \r\n            \r\n        <div class=\"cta-wrapper\" style=\"background-image: url(https:\/\/ladyfitness-schenefeld.de\/wp-content\/uploads\/LF_Wellness_H_Frauen-Sauna_RossHelen-scaled.jpg);\">\r\n            <div class=\"cta-content-inner\" style=\"background-color: rgba(255,255,255,0.7);\">\r\n                <div class=\"container\">\r\n                    <div class=\"row\">\r\n                        <div class=\"cta-text col-lg-8\" >\r\n                            <h3>Wellnesswelt<\/h3>\n<p>Hier erwartet Sie eine <strong>Wohlf\u00fchlatmosph\u00e4re f\u00fcr K\u00f6rper und Geist.<\/strong> Sie k\u00f6nnen bei uns vom Alltag abschalten, sich entspannen, verw\u00f6hnen und auf der Dachterrasse mit Blick \u00fcber Schenefeld abtauchen.<\/p>\n                        <\/div>\r\n                        <div class=\"cta-button col-lg\" >\r\n                            <a class=\"btn btn-primary btn-lg float-md-right\" href=\"https:\/\/ladyfitness-schenefeld.de\/wellness\/\" target=\"_self\">zum Wellnessbereich<\/a>\r\n                        <\/div>\r\n                    <\/div>\r\n                <\/div>\r\n            <\/div>\r\n        <\/div>\r\n    \n\n        <div class=\"flexible-content acf-content shadow-1\" style=\"background-image: none;\" id=\"block_6fcfcc0b1247b5b048a59c7a76502d80\">\r\n        <div class=\"flexible-content-inner\" style=\"background-color: transparent;\">\r\n            <div class=\"flexible-item-wrapper\">\r\n                                <div class=\"container flexible-items\">\r\n                    <div class=\"row\">\r\n                                                                                    <div class=\" col-lg-4 flexible-item flex-text condensed\" data-aos=\"fade-up\">\r\n                                   <div class=\"inner\">\r\n                                       <p><img loading=\"lazy\" decoding=\"async\" class=\"aligncenter wp-image-10407 size-full\" src=\"https:\/\/ladyfitness-schenefeld.de\/wp-content\/uploads\/LF_Startseite_C_Firmenfitness.jpg\" alt=\"\" width=\"400\" height=\"267\" srcset=\"https:\/\/ladyfitness-schenefeld.de\/wp-content\/uploads\/LF_Startseite_C_Firmenfitness.jpg 400w, https:\/\/ladyfitness-schenefeld.de\/wp-content\/uploads\/LF_Startseite_C_Firmenfitness-300x200.jpg 300w\" sizes=\"(max-width: 400px) 100vw, 400px\" \/><\/p>\n<h3 style=\"text-align: center\">Firmenfitness<\/h3>\n<p style=\"text-align: center\">Profitiere von unserem vielseitigen Angebot und biete deinem Unternehmen sowie deinen Mitarbeitenden eine ganzheitliche L\u00f6sung f\u00fcr Fitness, Wellness und Wohlbefinden.<\/p>\n<p style=\"text-align: center\"><a href=\"https:\/\/ladyfitness-schenefeld.de\/firmenfitness\/\"><img loading=\"lazy\" decoding=\"async\" class=\"aligncenter wp-image-10409\" src=\"https:\/\/ladyfitness-schenefeld.de\/wp-content\/uploads\/LF_CTA_Entdecken-300x50.png\" alt=\"\" width=\"299\" height=\"50\" srcset=\"https:\/\/ladyfitness-schenefeld.de\/wp-content\/uploads\/LF_CTA_Entdecken-300x50.png 300w, https:\/\/ladyfitness-schenefeld.de\/wp-content\/uploads\/LF_CTA_Entdecken.png 400w\" sizes=\"(max-width: 299px) 100vw, 299px\" \/><\/a><\/p>\n                                   <\/div>\r\n                                <\/div>\r\n                                                                                                                <div class=\" col-lg-4 flexible-item flex-text condensed\" data-aos=\"fade-up\">\r\n                                   <div class=\"inner\">\r\n                                       <p><img loading=\"lazy\" decoding=\"async\" class=\"aligncenter wp-image-9271 size-full\" src=\"https:\/\/ladyfitness-schenefeld.de\/wp-content\/uploads\/LF_C_Startseite_Probetraining.jpg\" alt=\"\" width=\"400\" height=\"267\" srcset=\"https:\/\/ladyfitness-schenefeld.de\/wp-content\/uploads\/LF_C_Startseite_Probetraining.jpg 400w, https:\/\/ladyfitness-schenefeld.de\/wp-content\/uploads\/LF_C_Startseite_Probetraining-300x200.jpg 300w\" sizes=\"(max-width: 400px) 100vw, 400px\" \/><\/p>\n<h3 style=\"text-align: center\">Probetraining<\/h3>\n<p style=\"text-align: center\">Warte nicht lange und <strong>melde Dich noch jetzt f\u00fcr ein Probetraining oder eine Fitnessberatung an<\/strong> und wir schauen gemeinsam, wie wir deine pers\u00f6nlichen Ziele erreichen!<\/p>\n<p style=\"text-align: center\"><a href=\"https:\/\/ladyfitness-schenefeld.memberarea.club\/\" target=\"_blank\" rel=\"noopener\"><img loading=\"lazy\" decoding=\"async\" class=\"aligncenter wp-image-9209\" src=\"https:\/\/ladyfitness-schenefeld.de\/wp-content\/uploads\/LF_CTA_Anmelden.png\" alt=\"\" width=\"280\" height=\"50\" srcset=\"https:\/\/ladyfitness-schenefeld.de\/wp-content\/uploads\/LF_CTA_Anmelden.png 632w, https:\/\/ladyfitness-schenefeld.de\/wp-content\/uploads\/LF_CTA_Anmelden-300x54.png 300w, https:\/\/ladyfitness-schenefeld.de\/wp-content\/uploads\/LF_CTA_Anmelden-630x113.png 630w, https:\/\/ladyfitness-schenefeld.de\/wp-content\/uploads\/LF_CTA_Anmelden-600x107.png 600w\" sizes=\"(max-width: 280px) 100vw, 280px\" \/><\/a><\/p>\n                                   <\/div>\r\n                                <\/div>\r\n                                                                                                                <div class=\" col-lg-4 flexible-item flex-text condensed\" data-aos=\"fade-up\">\r\n                                   <div class=\"inner\">\r\n                                       <p><img loading=\"lazy\" decoding=\"async\" class=\"aligncenter wp-image-7716\" src=\"https:\/\/ladyfitness-schenefeld.de\/wp-content\/uploads\/LF_Startseite_C_infos-3-300x201.png\" alt=\"\" width=\"400\" height=\"267\" srcset=\"https:\/\/ladyfitness-schenefeld.de\/wp-content\/uploads\/LF_Startseite_C_infos-3-300x201.png 300w, https:\/\/ladyfitness-schenefeld.de\/wp-content\/uploads\/LF_Startseite_C_infos-3.png 600w\" sizes=\"(max-width: 400px) 100vw, 400px\" \/><\/p>\n<h3 style=\"text-align: center\">Fitness Apps<\/h3>\n<p style=\"text-align: center\">Entdecke unsere Apps f\u00fcr unterwegs: Unsere Lady Fitness App f\u00fcr Deine Mitgliedschaft, Kursauswahl und Trainingsplan. Alles kompakt, aktuell und immer dabei!<\/p>\n<p style=\"text-align: center\"><a href=\"https:\/\/ladyfitness-schenefeld.de\/fitness-apps\/\"><img loading=\"lazy\" decoding=\"async\" class=\"aligncenter wp-image-9217\" src=\"https:\/\/ladyfitness-schenefeld.de\/wp-content\/uploads\/LF_CTA_Apps_entdecken.png\" alt=\"\" width=\"265\" height=\"50\" srcset=\"https:\/\/ladyfitness-schenefeld.de\/wp-content\/uploads\/LF_CTA_Apps_entdecken.png 600w, https:\/\/ladyfitness-schenefeld.de\/wp-content\/uploads\/LF_CTA_Apps_entdecken-300x57.png 300w\" sizes=\"(max-width: 265px) 100vw, 265px\" \/><\/a><\/p>\n                                   <\/div>\r\n                                <\/div>\r\n                                                                        <\/div>\r\n                <\/div>\r\n            <\/div>\r\n        <\/div>\r\n    <\/div>\r\n\r\n\n\n        <div class=\"flexible-content acf-content shadow-\" style=\"background-image: none;\" id=\"block_163eaa528ab3b8f14f7ea438fa005964\">\r\n        <div class=\"flexible-content-inner\" style=\"background-color: transparent;\">\r\n            <div class=\"flexible-item-wrapper\">\r\n                                    <div class=\"container intro-text\">\r\n                        <div class=\"row justify-content-center\">\r\n                            <div class=\"col-lg-8\">\r\n                                <p><br data-mce-bogus=\"1\"><\/p>\n                            <\/div>\r\n                        <\/div>\r\n                    <\/div>\r\n                                <div class=\"container flexible-items\">\r\n                    <div class=\"row\">\r\n                                            <\/div>\r\n                <\/div>\r\n            <\/div>\r\n        <\/div>\r\n    <\/div>\r\n\r\n\n\n    \r\n            \r\n        <div class=\"cta-wrapper\" style=\"background-image: url(https:\/\/ladyfitness-schenefeld.de\/wp-content\/uploads\/LF_Trainingswelt_Abnehmen_Kilokiller_Motivation_H_C_Nadasaki-1-scaled.jpg);\">\r\n            <div class=\"cta-content-inner\" style=\"background-color: rgba(255,255,255,0.7);\">\r\n                <div class=\"container\">\r\n                    <div class=\"row\">\r\n                        <div class=\"cta-text col-lg-8\" >\r\n                            <h3>Mitglied werden und Ziele erreichen!<\/h3>\n<p>Warte nicht lange und starte jetzt deinen\u00a0<strong>gesunden und aktiven Lifestyle<\/strong>\u00a0bei uns. Wir von Lady Fitness helfen dir dabei, deine\u00a0<strong>W\u00fcnsche und Ziele zu erreichen und auch beizubehalten<\/strong>. Als Mitglied hast du unter anderem Zugang zum Studio, dem Wellness-Bereich und auch unseren Online Kursen. Such dir deinen optimalen Tarif f\u00fcr deine Bed\u00fcrfnisse!<\/p>\n                        <\/div>\r\n                        <div class=\"cta-button col-lg\" >\r\n                            <a class=\"btn btn-primary btn-lg float-md-right\" href=\"https:\/\/ladyfitness-schenefeld.de\/mitgliedschaft\/\" target=\"_self\">Mitglied werden<\/a>\r\n                        <\/div>\r\n                    <\/div>\r\n                <\/div>\r\n            <\/div>\r\n        <\/div>\r\n    ","protected":false},"excerpt":{"rendered":"","protected":false},"author":9,"featured_media":0,"parent":0,"menu_order":50,"comment_status":"closed","ping_status":"closed","template":"","meta":{"_acf_changed":false,"footnotes":""},"acf":[],"yoast_head":"<!-- This site is optimized with the Yoast SEO plugin v23.6 - https:\/\/yoast.com\/wordpress\/plugins\/seo\/ -->\n<title>Fitness von Frauen f\u00fcr Frauen | Lady Fitness Schenefeld<\/title>\n<meta name=\"description\" content=\"Fitness- und Gesundheitstraining mit erstklassiger Betreuung, das Team von Lady Fitness sorgt daf\u00fcr, dass Sie sich w\u00e4hrend Ihres Trainings rundum wohl f\u00fchlen - Frauenfitness\" \/>\n<meta name=\"robots\" content=\"index, follow, max-snippet:-1, max-image-preview:large, max-video-preview:-1\" \/>\n<link rel=\"canonical\" href=\"https:\/\/ladyfitness-schenefeld.de\/tr\/\" \/>\n<meta property=\"og:locale\" content=\"tr_TR\" \/>\n<meta property=\"og:type\" content=\"article\" \/>\n<meta property=\"og:title\" content=\"Fitness von Frauen f\u00fcr Frauen | Lady Fitness Schenefeld\" \/>\n<meta property=\"og:description\" content=\"Fitness- und Gesundheitstraining mit erstklassiger Betreuung, das Team von Lady Fitness sorgt daf\u00fcr, dass Sie sich w\u00e4hrend Ihres Trainings rundum wohl f\u00fchlen - Frauenfitness\" \/>\n<meta property=\"og:url\" content=\"https:\/\/ladyfitness-schenefeld.de\/tr\/\" \/>\n<meta property=\"og:site_name\" content=\"Lady Fitness Schenefeld\" \/>\n<meta property=\"article:modified_time\" content=\"2026-03-31T15:19:06+00:00\" \/>\n<meta name=\"twitter:card\" content=\"summary_large_image\" \/>\n<script type=\"application\/ld+json\" class=\"yoast-schema-graph\">{\"@context\":\"https:\/\/schema.org\",\"@graph\":[{\"@type\":\"WebPage\",\"@id\":\"https:\/\/ladyfitness-schenefeld.de\/tr\/\",\"url\":\"https:\/\/ladyfitness-schenefeld.de\/tr\/\",\"name\":\"Fitness von Frauen f\u00fcr Frauen | Lady Fitness Schenefeld\",\"isPartOf\":{\"@id\":\"https:\/\/ladyfitness-schenefeld.de\/tr\/#website\"},\"datePublished\":\"2022-12-23T11:18:15+00:00\",\"dateModified\":\"2026-03-31T15:19:06+00:00\",\"description\":\"Fitness- und Gesundheitstraining mit erstklassiger Betreuung, das Team von Lady Fitness sorgt daf\u00fcr, dass Sie sich w\u00e4hrend Ihres Trainings rundum wohl f\u00fchlen - Frauenfitness\",\"breadcrumb\":{\"@id\":\"https:\/\/ladyfitness-schenefeld.de\/tr\/#breadcrumb\"},\"inLanguage\":\"tr\",\"potentialAction\":[{\"@type\":\"ReadAction\",\"target\":[\"https:\/\/ladyfitness-schenefeld.de\/tr\/\"]}]},{\"@type\":\"BreadcrumbList\",\"@id\":\"https:\/\/ladyfitness-schenefeld.de\/tr\/#breadcrumb\",\"itemListElement\":[{\"@type\":\"ListItem\",\"position\":1,\"name\":\"Startseite\",\"item\":\"https:\/\/ladyfitness-schenefeld.de\/tr\/\"},{\"@type\":\"ListItem\",\"position\":2,\"name\":\"Startseite\"}]},{\"@type\":\"WebSite\",\"@id\":\"https:\/\/ladyfitness-schenefeld.de\/tr\/#website\",\"url\":\"https:\/\/ladyfitness-schenefeld.de\/tr\/\",\"name\":\"Lady Fitness Schenefeld\",\"description\":\"Fitness-Studio f\u00fcr Frauen\",\"potentialAction\":[{\"@type\":\"SearchAction\",\"target\":{\"@type\":\"EntryPoint\",\"urlTemplate\":\"https:\/\/ladyfitness-schenefeld.de\/tr\/?s={search_term_string}\"},\"query-input\":{\"@type\":\"PropertyValueSpecification\",\"valueRequired\":true,\"valueName\":\"search_term_string\"}}],\"inLanguage\":\"tr\"}]}<\/script>\n<!-- \/ Yoast SEO plugin. -->","yoast_head_json":{"title":"Fitness von Frauen f\u00fcr Frauen | Lady Fitness Schenefeld","description":"Fitness- und Gesundheitstraining mit erstklassiger Betreuung, das Team von Lady Fitness sorgt daf\u00fcr, dass Sie sich w\u00e4hrend Ihres Trainings rundum wohl f\u00fchlen - Frauenfitness","robots":{"index":"index","follow":"follow","max-snippet":"max-snippet:-1","max-image-preview":"max-image-preview:large","max-video-preview":"max-video-preview:-1"},"canonical":"https:\/\/ladyfitness-schenefeld.de\/tr\/","og_locale":"tr_TR","og_type":"article","og_title":"Fitness von Frauen f\u00fcr Frauen | Lady Fitness Schenefeld","og_description":"Fitness- und Gesundheitstraining mit erstklassiger Betreuung, das Team von Lady Fitness sorgt daf\u00fcr, dass Sie sich w\u00e4hrend Ihres Trainings rundum wohl f\u00fchlen - Frauenfitness","og_url":"https:\/\/ladyfitness-schenefeld.de\/tr\/","og_site_name":"Lady Fitness Schenefeld","article_modified_time":"2026-03-31T15:19:06+00:00","twitter_card":"summary_large_image","schema":{"@context":"https:\/\/schema.org","@graph":[{"@type":"WebPage","@id":"https:\/\/ladyfitness-schenefeld.de\/tr\/","url":"https:\/\/ladyfitness-schenefeld.de\/tr\/","name":"Fitness von Frauen f\u00fcr Frauen | Lady Fitness Schenefeld","isPartOf":{"@id":"https:\/\/ladyfitness-schenefeld.de\/tr\/#website"},"datePublished":"2022-12-23T11:18:15+00:00","dateModified":"2026-03-31T15:19:06+00:00","description":"Fitness- und Gesundheitstraining mit erstklassiger Betreuung, das Team von Lady Fitness sorgt daf\u00fcr, dass Sie sich w\u00e4hrend Ihres Trainings rundum wohl f\u00fchlen - Frauenfitness","breadcrumb":{"@id":"https:\/\/ladyfitness-schenefeld.de\/tr\/#breadcrumb"},"inLanguage":"tr","potentialAction":[{"@type":"ReadAction","target":["https:\/\/ladyfitness-schenefeld.de\/tr\/"]}]},{"@type":"BreadcrumbList","@id":"https:\/\/ladyfitness-schenefeld.de\/tr\/#breadcrumb","itemListElement":[{"@type":"ListItem","position":1,"name":"Startseite","item":"https:\/\/ladyfitness-schenefeld.de\/tr\/"},{"@type":"ListItem","position":2,"name":"Startseite"}]},{"@type":"WebSite","@id":"https:\/\/ladyfitness-schenefeld.de\/tr\/#website","url":"https:\/\/ladyfitness-schenefeld.de\/tr\/","name":"Lady Fitness Schenefeld","description":"Fitness-Studio f\u00fcr Frauen","potentialAction":[{"@type":"SearchAction","target":{"@type":"EntryPoint","urlTemplate":"https:\/\/ladyfitness-schenefeld.de\/tr\/?s={search_term_string}"},"query-input":{"@type":"PropertyValueSpecification","valueRequired":true,"valueName":"search_term_string"}}],"inLanguage":"tr"}]}},"_links":{"self":[{"href":"https:\/\/ladyfitness-schenefeld.de\/tr\/wp-json\/wp\/v2\/pages\/9640"}],"collection":[{"href":"https:\/\/ladyfitness-schenefeld.de\/tr\/wp-json\/wp\/v2\/pages"}],"about":[{"href":"https:\/\/ladyfitness-schenefeld.de\/tr\/wp-json\/wp\/v2\/types\/page"}],"author":[{"embeddable":true,"href":"https:\/\/ladyfitness-schenefeld.de\/tr\/wp-json\/wp\/v2\/users\/9"}],"replies":[{"embeddable":true,"href":"https:\/\/ladyfitness-schenefeld.de\/tr\/wp-json\/wp\/v2\/comments?post=9640"}],"version-history":[{"count":35,"href":"https:\/\/ladyfitness-schenefeld.de\/tr\/wp-json\/wp\/v2\/pages\/9640\/revisions"}],"predecessor-version":[{"id":10551,"href":"https:\/\/ladyfitness-schenefeld.de\/tr\/wp-json\/wp\/v2\/pages\/9640\/revisions\/10551"}],"wp:attachment":[{"href":"https:\/\/ladyfitness-schenefeld.de\/tr\/wp-json\/wp\/v2\/media?parent=9640"}],"curies":[{"name":"wp","href":"https:\/\/api.w.org\/{rel}","templated":true}]}}