{"id":4559,"date":"2021-01-22T13:00:16","date_gmt":"2021-01-22T12:00:16","guid":{"rendered":"https:\/\/ladyfitness-schenefeld.de\/?page_id=4559"},"modified":"2021-03-17T13:55:26","modified_gmt":"2021-03-17T12:55:26","slug":"abnehmen-tr","status":"publish","type":"page","link":"https:\/\/ladyfitness-schenefeld.de\/tr\/abnehmen-tr\/","title":{"rendered":"Abnehmen"},"content":{"rendered":"    <div class=\"swiper-container imageslider-swiper large-image-slider\">\r\n        <div class=\"swiper-wrapper\">\r\n                            <div class=\"swiper-slide\">\r\n                                        <img decoding=\"async\" src=\"\" alt=\"\">\r\n                                                                    <div class=\"image-slider-text\" style=\"background-color: rgba(,,,0.8)\">\r\n                                                    <\/div>\r\n                                    <\/div>\r\n                    <\/div>\r\n        <div class=\"swiper-pagination\"><\/div>\r\n        <div class=\"swiper-button-prev\"><\/div>\r\n        <div class=\"swiper-button-next\"><\/div>\r\n    <\/div>\r\n\n\n        <div class=\"flexible-content acf-content shadow-\" style=\"background-image: none;\" id=\"block_5ffea297104b4\">\r\n        <div class=\"flexible-content-inner\" style=\"background-color: transparent;\">\r\n            <div class=\"flexible-item-wrapper\">\r\n                                <div class=\"container flexible-items\">\r\n                    <div class=\"row\">\r\n                                                                                    <div class=\" col-sm flexible-item flex-text uncondensed\" data-aos=\"fade-up\">\r\n                                   <div class=\"inner\">\r\n                                       <h1>T\u00fcrkisch Abnehmen<\/h1>\n<h2>Erreichen Sie Ihr Wunschgewicht &#8211; Wir helfen dabei!<\/h2>\n<p>Haben Sie schon einmal eine Di\u00e4t gemacht?<br \/>\nWaren Sie schon einmal in einem Fitnessclub um abzunehmen?<br \/>\nSie haben sich \u00fcber alles informiert?<br \/>\nTrotzdem hat nichts wirklich funktioniert?<\/p>\n<p><strong>Dann sind Sie bei uns genau richtig!<\/strong><\/p>\n<p>Unser 3 S\u00e4ulen Abnehmkonzept und konsequente Betreuung hilft Ihnen, bis Sie Ihr Wunschgewicht erreicht haben und dar\u00fcber hinaus.<br \/>\nWenn SIE DAS WOLLEN!<\/p>\n<p><strong>In NUR 4 Wochen bis zu 10 Kg weniger, das schaffen SIE! <\/strong>Investieren Sie diese kurze Zeit, f\u00fcr den Beginn Ihres neuen Lebensgef\u00fchles! Sie werden begeistert sein!<\/p>\n<p><img loading=\"lazy\" decoding=\"async\" class=\"alignnone wp-image-2849\" src=\"https:\/\/ladyfitness-schenefeld.de\/wp-content\/uploads\/LF_Icon_Benefit.png\" alt=\"\" width=\"20\" height=\"20\" \/> Ohne Hunger<br \/>\n<img loading=\"lazy\" decoding=\"async\" class=\"alignnone wp-image-2849\" src=\"https:\/\/ladyfitness-schenefeld.de\/wp-content\/uploads\/LF_Icon_Benefit.png\" alt=\"\" width=\"20\" height=\"20\" \/> Ohne Stimmungstiefs<br \/>\n<img loading=\"lazy\" decoding=\"async\" class=\"alignnone wp-image-2849\" src=\"https:\/\/ladyfitness-schenefeld.de\/wp-content\/uploads\/LF_Icon_Benefit.png\" alt=\"\" width=\"20\" height=\"20\" \/>\u00a0 Stoffwechsel aktivieren<br \/>\n<img loading=\"lazy\" decoding=\"async\" class=\"alignnone wp-image-2849\" src=\"https:\/\/ladyfitness-schenefeld.de\/wp-content\/uploads\/LF_Icon_Benefit.png\" alt=\"\" width=\"20\" height=\"20\" \/> Ohne Jo Jo Effekt<br \/>\n<img loading=\"lazy\" decoding=\"async\" class=\"alignnone wp-image-2849\" src=\"https:\/\/ladyfitness-schenefeld.de\/wp-content\/uploads\/LF_Icon_Benefit.png\" alt=\"\" width=\"20\" height=\"20\" \/> Optimale Fettverbrennung<\/p>\n<p><strong>Das ist auch ohne Mitgliedschaft m\u00f6glich!<\/strong><\/p>\n                                   <\/div>\r\n                                <\/div>\r\n                                                                        <\/div>\r\n                <\/div>\r\n            <\/div>\r\n        <\/div>\r\n    <\/div>\r\n\r\n\n\n        <div class=\"flexible-content acf-content shadow-\" style=\"background-image: none;\" id=\"block_5ffea44a104b7\">\r\n        <div class=\"flexible-content-inner\" style=\"background-color: transparent;\">\r\n            <div class=\"flexible-item-wrapper\">\r\n                                <div class=\"container flexible-items\">\r\n                    <div class=\"row\">\r\n                                                                                    <div class=\" col-lg-4 flexible-item flex-text condensed\" data-aos=\"fade-up\">\r\n                                   <div class=\"inner\">\r\n                                       <p><img loading=\"lazy\" decoding=\"async\" class=\"alignnone size-medium wp-image-2827 aligncenter\" src=\"https:\/\/ladyfitness-schenefeld.de\/wp-content\/uploads\/LF_icon_Ernaehrung-300x200.png\" alt=\"\" width=\"300\" height=\"200\" srcset=\"https:\/\/ladyfitness-schenefeld.de\/wp-content\/uploads\/LF_icon_Ernaehrung-300x200.png 300w, https:\/\/ladyfitness-schenefeld.de\/wp-content\/uploads\/LF_icon_Ernaehrung.png 476w\" sizes=\"(max-width: 300px) 100vw, 300px\" \/><\/p>\n<p style=\"text-align: center\"><strong>Ern\u00e4hrung<\/strong><\/p>\n                                   <\/div>\r\n                                <\/div>\r\n                                                                                                                <div class=\" col-lg-4 flexible-item flex-text condensed\" data-aos=\"fade-up\">\r\n                                   <div class=\"inner\">\r\n                                       <p><img loading=\"lazy\" decoding=\"async\" class=\"alignnone size-medium wp-image-2829 aligncenter\" src=\"https:\/\/ladyfitness-schenefeld.de\/wp-content\/uploads\/LF_Icon_Motivation-300x200.png\" alt=\"\" width=\"300\" height=\"200\" srcset=\"https:\/\/ladyfitness-schenefeld.de\/wp-content\/uploads\/LF_Icon_Motivation-300x200.png 300w, https:\/\/ladyfitness-schenefeld.de\/wp-content\/uploads\/LF_Icon_Motivation.png 476w\" sizes=\"(max-width: 300px) 100vw, 300px\" \/><\/p>\n<p style=\"text-align: center\"><strong>Motivation<\/strong><\/p>\n                                   <\/div>\r\n                                <\/div>\r\n                                                                                                                <div class=\" col-lg-4 flexible-item flex-text condensed\" data-aos=\"fade-up\">\r\n                                   <div class=\"inner\">\r\n                                       <p><img loading=\"lazy\" decoding=\"async\" class=\"size-medium wp-image-2277 aligncenter\" src=\"https:\/\/ladyfitness-schenefeld.de\/wp-content\/uploads\/Icon_Training_Test-300x200.png\" alt=\"\" width=\"300\" height=\"200\" srcset=\"https:\/\/ladyfitness-schenefeld.de\/wp-content\/uploads\/Icon_Training_Test-300x200.png 300w, https:\/\/ladyfitness-schenefeld.de\/wp-content\/uploads\/Icon_Training_Test.png 476w\" sizes=\"(max-width: 300px) 100vw, 300px\" \/><\/p>\n<p style=\"text-align: center\"><strong>Training<\/strong><\/p>\n                                   <\/div>\r\n                                <\/div>\r\n                                                                        <\/div>\r\n                <\/div>\r\n            <\/div>\r\n        <\/div>\r\n    <\/div>\r\n\r\n\n\n    <div class=\"swiper-container imageslider-swiper large-image-slider\">\r\n        <div class=\"swiper-wrapper\">\r\n                            <div class=\"swiper-slide\">\r\n                                        <img decoding=\"async\" src=\"\" alt=\"\">\r\n                                                                    <div class=\"image-slider-text\" style=\"background-color: rgba(,,,0.8)\">\r\n                                                    <\/div>\r\n                                    <\/div>\r\n                    <\/div>\r\n        <div class=\"swiper-pagination\"><\/div>\r\n        <div class=\"swiper-button-prev\"><\/div>\r\n        <div class=\"swiper-button-next\"><\/div>\r\n    <\/div>\r\n\n\n    <div class=\"swiper-container imageslider-swiper large-image-slider\">\r\n        <div class=\"swiper-wrapper\">\r\n                            <div class=\"swiper-slide\">\r\n                                        <img decoding=\"async\" src=\"\" alt=\"\">\r\n                                                                    <div class=\"image-slider-text\" style=\"background-color: rgba(,,,0.8)\">\r\n                                                    <\/div>\r\n                                    <\/div>\r\n                    <\/div>\r\n        <div class=\"swiper-pagination\"><\/div>\r\n        <div class=\"swiper-button-prev\"><\/div>\r\n        <div class=\"swiper-button-next\"><\/div>\r\n    <\/div>\r\n\n\n    \r\n            \r\n        <div class=\"cta-wrapper\" style=\"background-image: none;\">\r\n            <div class=\"cta-content-inner\" style=\"background-color: rgba(242,242,242,1);\">\r\n                <div class=\"container\">\r\n                    <div class=\"row\">\r\n                        <div class=\"cta-text col-lg-8\" >\r\n                            <h3>SlimCoach Abnehm App<\/h3>\n<p>In diesem 12-w\u00f6chigen Abnehm-Kurs lernst Du alles \u00fcber gesunde Ern\u00e4hrung und nachhaltiges Abnehmen. W\u00f6chentlich erh\u00e4ltst Du einen Lehrbrief zu einem wichtigen Ern\u00e4hrungs- und Abnehmthema.Die Kursgeb\u00fchr f\u00fcr den Ern\u00e4hrungs-F\u00fchrerschein kann von gesetzlichen Krankenkassen bis zu 100% erstattet werden.<\/p>\n<p>&nbsp;<\/p>\n                        <\/div>\r\n                        <div class=\"cta-button col-lg\" >\r\n                            <a class=\"btn btn-primary btn-lg float-md-right\" href=\"https:\/\/ladyfitness-schenefeld.de\/ueber-uns\/\" target=\"_self\">Unsere Fitness Apps<\/a>\r\n                        <\/div>\r\n                    <\/div>\r\n                <\/div>\r\n            <\/div>\r\n        <\/div>\r\n    \n\n    <div class=\"swiper-container imageslider-swiper large-image-slider\">\r\n        <div class=\"swiper-wrapper\">\r\n                            <div class=\"swiper-slide\">\r\n                                        <img decoding=\"async\" src=\"https:\/\/ladyfitness-schenefeld.de\/wp-content\/uploads\/Startseite_Enjoy_Fitness_Webbanner_FIT-AT-HOME-1200x600.jpg\" alt=\"\">\r\n                                                                    <div class=\"image-slider-text\" style=\"background-color: rgba(,,,0.8)\">\r\n                                                    <\/div>\r\n                                    <\/div>\r\n                    <\/div>\r\n        <div class=\"swiper-pagination\"><\/div>\r\n        <div class=\"swiper-button-prev\"><\/div>\r\n        <div class=\"swiper-button-next\"><\/div>\r\n    <\/div>\r\n\n\n    \r\n            \r\n        <div class=\"cta-wrapper\" style=\"background-image: none;\">\r\n            <div class=\"cta-content-inner\" style=\"background-color: rgba(242,242,242,1);\">\r\n                <div class=\"container\">\r\n                    <div class=\"row\">\r\n                        <div class=\"cta-text col-lg-8\" >\r\n                            <h3>FIT AT HOME<\/h3>\n<p>f\u00fcr die Zeit bis unsere Clubs wieder offen haben, k\u00f6nnt ihr mit FIT AT HOME ab sofort kostenlos zuhause trainieren! Schreib uns eine kurze Mail an\u00a0<a href=\"mailto:clubmanagment@ladyfitness-schenefeld.de\">clubmanagment@ladyfitness-schenefeld.de<\/a> und wir schicken dir deine pers\u00f6nlichen Zugangsdaten zu. Unter <a href=\"http:\/\/www.fitnessraum.de\">www.fitnessraum.de<\/a> kannst du dich dann registrieren und los legen!<\/p>\n<p>&nbsp;<\/p>\n                        <\/div>\r\n                        <div class=\"cta-button col-lg\" >\r\n                            <a class=\"btn btn-primary btn-lg float-md-right\" href=\"mailto: clubmanagment@ladyfitness-schenefeld.de\" target=\"_self\">Jetzt anmelden!<\/a>\r\n                        <\/div>\r\n                    <\/div>\r\n                <\/div>\r\n            <\/div>\r\n        <\/div>\r\n    ","protected":false},"excerpt":{"rendered":"","protected":false},"author":9,"featured_media":6881,"parent":0,"menu_order":30,"comment_status":"closed","ping_status":"closed","template":"","meta":{"_acf_changed":false,"footnotes":""},"acf":[],"yoast_head":"<!-- This site is optimized with the Yoast SEO plugin v23.6 - https:\/\/yoast.com\/wordpress\/plugins\/seo\/ -->\n<title>Abnehmen | Lady Fitness Schenefeld<\/title>\n<meta name=\"robots\" content=\"index, follow, max-snippet:-1, max-image-preview:large, max-video-preview:-1\" \/>\n<link rel=\"canonical\" href=\"https:\/\/ladyfitness-schenefeld.de\/tr\/abnehmen-tr\/\" \/>\n<meta property=\"og:locale\" content=\"tr_TR\" \/>\n<meta property=\"og:type\" content=\"article\" \/>\n<meta property=\"og:title\" content=\"Abnehmen | Lady Fitness Schenefeld\" \/>\n<meta property=\"og:url\" content=\"https:\/\/ladyfitness-schenefeld.de\/tr\/abnehmen-tr\/\" \/>\n<meta property=\"og:site_name\" content=\"Lady Fitness Schenefeld\" \/>\n<meta property=\"article:modified_time\" content=\"2021-03-17T12:55:26+00:00\" \/>\n<meta property=\"og:image\" content=\"https:\/\/ladyfitness-schenefeld.de\/wp-content\/uploads\/LF_Trainingswelten_Abnehmen_H_emaerre-1-scaled.jpg\" \/>\n\t<meta property=\"og:image:width\" content=\"2560\" \/>\n\t<meta property=\"og:image:height\" content=\"960\" \/>\n\t<meta property=\"og:image:type\" content=\"image\/jpeg\" \/>\n<meta name=\"twitter:card\" content=\"summary_large_image\" \/>\n<script type=\"application\/ld+json\" class=\"yoast-schema-graph\">{\"@context\":\"https:\/\/schema.org\",\"@graph\":[{\"@type\":\"WebPage\",\"@id\":\"https:\/\/ladyfitness-schenefeld.de\/tr\/abnehmen-tr\/\",\"url\":\"https:\/\/ladyfitness-schenefeld.de\/tr\/abnehmen-tr\/\",\"name\":\"Abnehmen | Lady Fitness Schenefeld\",\"isPartOf\":{\"@id\":\"https:\/\/ladyfitness-schenefeld.de\/tr\/#website\"},\"primaryImageOfPage\":{\"@id\":\"https:\/\/ladyfitness-schenefeld.de\/tr\/abnehmen-tr\/#primaryimage\"},\"image\":{\"@id\":\"https:\/\/ladyfitness-schenefeld.de\/tr\/abnehmen-tr\/#primaryimage\"},\"thumbnailUrl\":\"https:\/\/ladyfitness-schenefeld.de\/wp-content\/uploads\/LF_Trainingswelten_Abnehmen_H_emaerre-1-scaled.jpg\",\"datePublished\":\"2021-01-22T12:00:16+00:00\",\"dateModified\":\"2021-03-17T12:55:26+00:00\",\"breadcrumb\":{\"@id\":\"https:\/\/ladyfitness-schenefeld.de\/tr\/abnehmen-tr\/#breadcrumb\"},\"inLanguage\":\"tr\",\"potentialAction\":[{\"@type\":\"ReadAction\",\"target\":[\"https:\/\/ladyfitness-schenefeld.de\/tr\/abnehmen-tr\/\"]}]},{\"@type\":\"ImageObject\",\"inLanguage\":\"tr\",\"@id\":\"https:\/\/ladyfitness-schenefeld.de\/tr\/abnehmen-tr\/#primaryimage\",\"url\":\"https:\/\/ladyfitness-schenefeld.de\/wp-content\/uploads\/LF_Trainingswelten_Abnehmen_H_emaerre-1-scaled.jpg\",\"contentUrl\":\"https:\/\/ladyfitness-schenefeld.de\/wp-content\/uploads\/LF_Trainingswelten_Abnehmen_H_emaerre-1-scaled.jpg\",\"width\":2560,\"height\":960,\"caption\":\"Slim young woman measuring her thin waist with a tape measure, close up\"},{\"@type\":\"BreadcrumbList\",\"@id\":\"https:\/\/ladyfitness-schenefeld.de\/tr\/abnehmen-tr\/#breadcrumb\",\"itemListElement\":[{\"@type\":\"ListItem\",\"position\":1,\"name\":\"Startseite\",\"item\":\"https:\/\/ladyfitness-schenefeld.de\/tr\/\"},{\"@type\":\"ListItem\",\"position\":2,\"name\":\"Abnehmen\"}]},{\"@type\":\"WebSite\",\"@id\":\"https:\/\/ladyfitness-schenefeld.de\/tr\/#website\",\"url\":\"https:\/\/ladyfitness-schenefeld.de\/tr\/\",\"name\":\"Lady Fitness Schenefeld\",\"description\":\"Fitness-Studio f\u00fcr Frauen\",\"potentialAction\":[{\"@type\":\"SearchAction\",\"target\":{\"@type\":\"EntryPoint\",\"urlTemplate\":\"https:\/\/ladyfitness-schenefeld.de\/tr\/?s={search_term_string}\"},\"query-input\":{\"@type\":\"PropertyValueSpecification\",\"valueRequired\":true,\"valueName\":\"search_term_string\"}}],\"inLanguage\":\"tr\"}]}<\/script>\n<!-- \/ Yoast SEO plugin. -->","yoast_head_json":{"title":"Abnehmen | Lady Fitness Schenefeld","robots":{"index":"index","follow":"follow","max-snippet":"max-snippet:-1","max-image-preview":"max-image-preview:large","max-video-preview":"max-video-preview:-1"},"canonical":"https:\/\/ladyfitness-schenefeld.de\/tr\/abnehmen-tr\/","og_locale":"tr_TR","og_type":"article","og_title":"Abnehmen | Lady Fitness Schenefeld","og_url":"https:\/\/ladyfitness-schenefeld.de\/tr\/abnehmen-tr\/","og_site_name":"Lady Fitness Schenefeld","article_modified_time":"2021-03-17T12:55:26+00:00","og_image":[{"width":2560,"height":960,"url":"https:\/\/ladyfitness-schenefeld.de\/wp-content\/uploads\/LF_Trainingswelten_Abnehmen_H_emaerre-1-scaled.jpg","type":"image\/jpeg"}],"twitter_card":"summary_large_image","schema":{"@context":"https:\/\/schema.org","@graph":[{"@type":"WebPage","@id":"https:\/\/ladyfitness-schenefeld.de\/tr\/abnehmen-tr\/","url":"https:\/\/ladyfitness-schenefeld.de\/tr\/abnehmen-tr\/","name":"Abnehmen | Lady Fitness Schenefeld","isPartOf":{"@id":"https:\/\/ladyfitness-schenefeld.de\/tr\/#website"},"primaryImageOfPage":{"@id":"https:\/\/ladyfitness-schenefeld.de\/tr\/abnehmen-tr\/#primaryimage"},"image":{"@id":"https:\/\/ladyfitness-schenefeld.de\/tr\/abnehmen-tr\/#primaryimage"},"thumbnailUrl":"https:\/\/ladyfitness-schenefeld.de\/wp-content\/uploads\/LF_Trainingswelten_Abnehmen_H_emaerre-1-scaled.jpg","datePublished":"2021-01-22T12:00:16+00:00","dateModified":"2021-03-17T12:55:26+00:00","breadcrumb":{"@id":"https:\/\/ladyfitness-schenefeld.de\/tr\/abnehmen-tr\/#breadcrumb"},"inLanguage":"tr","potentialAction":[{"@type":"ReadAction","target":["https:\/\/ladyfitness-schenefeld.de\/tr\/abnehmen-tr\/"]}]},{"@type":"ImageObject","inLanguage":"tr","@id":"https:\/\/ladyfitness-schenefeld.de\/tr\/abnehmen-tr\/#primaryimage","url":"https:\/\/ladyfitness-schenefeld.de\/wp-content\/uploads\/LF_Trainingswelten_Abnehmen_H_emaerre-1-scaled.jpg","contentUrl":"https:\/\/ladyfitness-schenefeld.de\/wp-content\/uploads\/LF_Trainingswelten_Abnehmen_H_emaerre-1-scaled.jpg","width":2560,"height":960,"caption":"Slim young woman measuring her thin waist with a tape measure, close up"},{"@type":"BreadcrumbList","@id":"https:\/\/ladyfitness-schenefeld.de\/tr\/abnehmen-tr\/#breadcrumb","itemListElement":[{"@type":"ListItem","position":1,"name":"Startseite","item":"https:\/\/ladyfitness-schenefeld.de\/tr\/"},{"@type":"ListItem","position":2,"name":"Abnehmen"}]},{"@type":"WebSite","@id":"https:\/\/ladyfitness-schenefeld.de\/tr\/#website","url":"https:\/\/ladyfitness-schenefeld.de\/tr\/","name":"Lady Fitness Schenefeld","description":"Fitness-Studio f\u00fcr Frauen","potentialAction":[{"@type":"SearchAction","target":{"@type":"EntryPoint","urlTemplate":"https:\/\/ladyfitness-schenefeld.de\/tr\/?s={search_term_string}"},"query-input":{"@type":"PropertyValueSpecification","valueRequired":true,"valueName":"search_term_string"}}],"inLanguage":"tr"}]}},"_links":{"self":[{"href":"https:\/\/ladyfitness-schenefeld.de\/tr\/wp-json\/wp\/v2\/pages\/4559"}],"collection":[{"href":"https:\/\/ladyfitness-schenefeld.de\/tr\/wp-json\/wp\/v2\/pages"}],"about":[{"href":"https:\/\/ladyfitness-schenefeld.de\/tr\/wp-json\/wp\/v2\/types\/page"}],"author":[{"embeddable":true,"href":"https:\/\/ladyfitness-schenefeld.de\/tr\/wp-json\/wp\/v2\/users\/9"}],"replies":[{"embeddable":true,"href":"https:\/\/ladyfitness-schenefeld.de\/tr\/wp-json\/wp\/v2\/comments?post=4559"}],"version-history":[{"count":3,"href":"https:\/\/ladyfitness-schenefeld.de\/tr\/wp-json\/wp\/v2\/pages\/4559\/revisions"}],"predecessor-version":[{"id":4562,"href":"https:\/\/ladyfitness-schenefeld.de\/tr\/wp-json\/wp\/v2\/pages\/4559\/revisions\/4562"}],"wp:featuredmedia":[{"embeddable":true,"href":"https:\/\/ladyfitness-schenefeld.de\/tr\/wp-json\/wp\/v2\/media\/6881"}],"wp:attachment":[{"href":"https:\/\/ladyfitness-schenefeld.de\/tr\/wp-json\/wp\/v2\/media?parent=4559"}],"curies":[{"name":"wp","href":"https:\/\/api.w.org\/{rel}","templated":true}]}}