{"id":10151,"date":"2024-06-13T11:33:02","date_gmt":"2024-06-13T09:33:02","guid":{"rendered":"https:\/\/ladyfitness-schenefeld.de\/?page_id=10151"},"modified":"2025-11-04T13:49:40","modified_gmt":"2025-11-04T12:49:40","slug":"kursplan","status":"publish","type":"page","link":"https:\/\/ladyfitness-schenefeld.de\/tr\/kursplan\/","title":{"rendered":"Kursplan"},"content":{"rendered":"    <div class=\"swiper-container imageslider-swiper large-image-slider\">\r\n        <div class=\"swiper-wrapper\">\r\n                            <div class=\"swiper-slide\">\r\n                                        <img decoding=\"async\" src=\"https:\/\/ladyfitness-schenefeld.de\/wp-content\/uploads\/LF_Kurse_H_Frauen-Fitnessgruppe_alvarez-1-2400x800.jpg\" alt=\"Frauen beim Yogakurs\">\r\n                                                                    <div class=\"image-slider-text\" style=\"background-color: rgba(,,,0.8)\">\r\n                                                    <\/div>\r\n                                    <\/div>\r\n                    <\/div>\r\n        <div class=\"swiper-pagination\"><\/div>\r\n        <div class=\"swiper-button-prev\"><\/div>\r\n        <div class=\"swiper-button-next\"><\/div>\r\n    <\/div>\r\n\n\n        <div class=\"flexible-content acf-content shadow-\" style=\"background-image: none;\" id=\"block_158b8bb732d53c3e5e8e658719ae8f40\">\r\n        <div class=\"flexible-content-inner\" style=\"background-color: transparent;\">\r\n            <div class=\"flexible-item-wrapper\">\r\n                                <div class=\"container flexible-items\">\r\n                    <div class=\"row\">\r\n                                                                                    <div class=\" col-sm flexible-item flex-text uncondensed\" data-aos=\"fade-up\">\r\n                                   <div class=\"inner\">\r\n                                       <h1>Unser Kursplan<\/h1>\n<p>Ob Cycling, Zumba oder Bauch-Beine-Po &#8211; unsere topmodernen Einrichtungen und das erfahrene Team unterst\u00fctzen dich dabei, deine Fitnessziele zu erreichen. Egal ob du Anf\u00e4ngerin oder Fortgeschrittene bist, unser vielf\u00e4ltiges Kursangebot bietet f\u00fcr jeden das Richtige.<\/p>\n<p><strong>Klicke auf den Button und schau dir unseren immer aktuellen Kursplan an. Finde den perfekten Kurs f\u00fcr dich!<\/strong><\/p>\n<p><a href=\"https:\/\/ladyfitness-schenefeld.memberarea.club\/Course\/GetCoursesScheduleWeekView?sid=c77bb666-112d-4d2a-b5a3-dbfe27fd9104\" target=\"_blank\" rel=\"noopener\"><img loading=\"lazy\" decoding=\"async\" class=\"aligncenter wp-image-9163 size-medium\" src=\"https:\/\/ladyfitness-schenefeld.de\/wp-content\/uploads\/LF_CTA_Kursplan-300x57.jpg\" alt=\"\" width=\"300\" height=\"57\" srcset=\"https:\/\/ladyfitness-schenefeld.de\/wp-content\/uploads\/LF_CTA_Kursplan-300x57.jpg 300w, https:\/\/ladyfitness-schenefeld.de\/wp-content\/uploads\/LF_CTA_Kursplan.jpg 600w\" sizes=\"(max-width: 300px) 100vw, 300px\" \/><\/a><\/p>\n<p>&nbsp;<\/p>\n<p><a href=\"https:\/\/ladyfitness-schenefeld.memberarea.club\/Course\/GetCoursesScheduleWeekView?sid=c77bb666-112d-4d2a-b5a3-dbfe27fd9104\" target=\"_blank\" rel=\"noopener\"><img loading=\"lazy\" decoding=\"async\" class=\"alignnone wp-image-10143 size-full\" src=\"https:\/\/ladyfitness-schenefeld.de\/wp-content\/uploads\/Kursplan_Icon_Wordcloud.jpg\" alt=\"\" width=\"1200\" height=\"800\" srcset=\"https:\/\/ladyfitness-schenefeld.de\/wp-content\/uploads\/Kursplan_Icon_Wordcloud.jpg 1200w, https:\/\/ladyfitness-schenefeld.de\/wp-content\/uploads\/Kursplan_Icon_Wordcloud-300x200.jpg 300w, https:\/\/ladyfitness-schenefeld.de\/wp-content\/uploads\/Kursplan_Icon_Wordcloud-1024x683.jpg 1024w, https:\/\/ladyfitness-schenefeld.de\/wp-content\/uploads\/Kursplan_Icon_Wordcloud-768x512.jpg 768w, https:\/\/ladyfitness-schenefeld.de\/wp-content\/uploads\/Kursplan_Icon_Wordcloud-600x400.jpg 600w\" sizes=\"(max-width: 1200px) 100vw, 1200px\" \/><\/a><\/p>\n<p><a href=\"https:\/\/ladyfitness-schenefeld.memberarea.club\/Course\/GetCoursesScheduleWeekView?sid=c77bb666-112d-4d2a-b5a3-dbfe27fd9104\" target=\"_blank\" rel=\"noopener\"><img loading=\"lazy\" decoding=\"async\" class=\"alignnone wp-image-10141 size-full\" src=\"https:\/\/ladyfitness-schenefeld.de\/wp-content\/uploads\/LF_CTA_Loslegen_Kursplan.png\" alt=\"\" width=\"1269\" height=\"194\" srcset=\"https:\/\/ladyfitness-schenefeld.de\/wp-content\/uploads\/LF_CTA_Loslegen_Kursplan.png 1269w, https:\/\/ladyfitness-schenefeld.de\/wp-content\/uploads\/LF_CTA_Loslegen_Kursplan-300x46.png 300w, https:\/\/ladyfitness-schenefeld.de\/wp-content\/uploads\/LF_CTA_Loslegen_Kursplan-1024x157.png 1024w, https:\/\/ladyfitness-schenefeld.de\/wp-content\/uploads\/LF_CTA_Loslegen_Kursplan-768x117.png 768w, https:\/\/ladyfitness-schenefeld.de\/wp-content\/uploads\/LF_CTA_Loslegen_Kursplan-600x92.png 600w\" sizes=\"(max-width: 1269px) 100vw, 1269px\" \/><\/a><\/p>\n                                   <\/div>\r\n                                <\/div>\r\n                                                                        <\/div>\r\n                <\/div>\r\n            <\/div>\r\n        <\/div>\r\n    <\/div>\r\n\r\n\n\n    \r\n            \r\n        <div class=\"cta-wrapper\" style=\"background-image: url(https:\/\/ladyfitness-schenefeld.de\/wp-content\/uploads\/LF_Kurse_Kursinfos_CTA_Kurs_Frauengruppe.jpeg);\">\r\n            <div class=\"cta-content-inner\" style=\"background-color: rgba(255,255,255,0.8);\">\r\n                <div class=\"container\">\r\n                    <div class=\"row\">\r\n                        <div class=\"cta-text col-lg-8\" >\r\n                            <h4>Lerne uns kennen bei einem Probetraining!<\/h4>\n<p>Bist du dir unsicher, ob unser Studio das Richtige f\u00fcr dich ist? Dann melde Dich f\u00fcr ein kostenloses Probetraining an und \u00fcberzeuge dich von unseren Ger\u00e4ten, dem Team und dem Day Spa. <strong>Dein Ort f\u00fcr Fitness und Entspannung.<\/strong><\/p>\n                        <\/div>\r\n                        <div class=\"cta-button col-lg\" >\r\n                            <a class=\"btn btn-primary btn-lg float-md-right\" href=\"https:\/\/ladyfitness-schenefeld.memberarea.club\/\" target=\"_blank\">Probetraining vereinbaren<\/a>\r\n                        <\/div>\r\n                    <\/div>\r\n                <\/div>\r\n            <\/div>\r\n        <\/div>\r\n    ","protected":false},"excerpt":{"rendered":"","protected":false},"author":12,"featured_media":6841,"parent":0,"menu_order":17,"comment_status":"closed","ping_status":"closed","template":"","meta":{"_acf_changed":false,"footnotes":""},"acf":[],"yoast_head":"<!-- This site is optimized with the Yoast SEO plugin v23.6 - https:\/\/yoast.com\/wordpress\/plugins\/seo\/ -->\n<title>Kursplan | Lady Fitness Schenefeld<\/title>\n<meta name=\"robots\" content=\"index, follow, max-snippet:-1, max-image-preview:large, max-video-preview:-1\" \/>\n<link rel=\"canonical\" href=\"https:\/\/ladyfitness-schenefeld.de\/tr\/kursplan\/\" \/>\n<meta property=\"og:locale\" content=\"tr_TR\" \/>\n<meta property=\"og:type\" content=\"article\" \/>\n<meta property=\"og:title\" content=\"Kursplan | Lady Fitness Schenefeld\" \/>\n<meta property=\"og:url\" content=\"https:\/\/ladyfitness-schenefeld.de\/tr\/kursplan\/\" \/>\n<meta property=\"og:site_name\" content=\"Lady Fitness Schenefeld\" \/>\n<meta property=\"article:modified_time\" content=\"2025-11-04T12:49:40+00:00\" \/>\n<meta property=\"og:image\" content=\"https:\/\/ladyfitness-schenefeld.de\/wp-content\/uploads\/LF_Kurse_H_Frauen-Fitnessgruppe_alvarez-1-scaled.jpg\" \/>\n\t<meta property=\"og:image:width\" content=\"2560\" \/>\n\t<meta property=\"og:image:height\" content=\"960\" \/>\n\t<meta property=\"og:image:type\" content=\"image\/jpeg\" \/>\n<meta name=\"twitter:card\" content=\"summary_large_image\" \/>\n<meta name=\"twitter:label1\" content=\"Tahmini okuma s\u00fcresi\" \/>\n\t<meta name=\"twitter:data1\" content=\"1 dakika\" \/>\n<script type=\"application\/ld+json\" class=\"yoast-schema-graph\">{\"@context\":\"https:\/\/schema.org\",\"@graph\":[{\"@type\":\"WebPage\",\"@id\":\"https:\/\/ladyfitness-schenefeld.de\/tr\/kursplan\/\",\"url\":\"https:\/\/ladyfitness-schenefeld.de\/tr\/kursplan\/\",\"name\":\"Kursplan | Lady Fitness Schenefeld\",\"isPartOf\":{\"@id\":\"https:\/\/ladyfitness-schenefeld.de\/tr\/#website\"},\"primaryImageOfPage\":{\"@id\":\"https:\/\/ladyfitness-schenefeld.de\/tr\/kursplan\/#primaryimage\"},\"image\":{\"@id\":\"https:\/\/ladyfitness-schenefeld.de\/tr\/kursplan\/#primaryimage\"},\"thumbnailUrl\":\"https:\/\/ladyfitness-schenefeld.de\/wp-content\/uploads\/LF_Kurse_H_Frauen-Fitnessgruppe_alvarez-1-scaled.jpg\",\"datePublished\":\"2024-06-13T09:33:02+00:00\",\"dateModified\":\"2025-11-04T12:49:40+00:00\",\"breadcrumb\":{\"@id\":\"https:\/\/ladyfitness-schenefeld.de\/tr\/kursplan\/#breadcrumb\"},\"inLanguage\":\"tr\",\"potentialAction\":[{\"@type\":\"ReadAction\",\"target\":[\"https:\/\/ladyfitness-schenefeld.de\/tr\/kursplan\/\"]}]},{\"@type\":\"ImageObject\",\"inLanguage\":\"tr\",\"@id\":\"https:\/\/ladyfitness-schenefeld.de\/tr\/kursplan\/#primaryimage\",\"url\":\"https:\/\/ladyfitness-schenefeld.de\/wp-content\/uploads\/LF_Kurse_H_Frauen-Fitnessgruppe_alvarez-1-scaled.jpg\",\"contentUrl\":\"https:\/\/ladyfitness-schenefeld.de\/wp-content\/uploads\/LF_Kurse_H_Frauen-Fitnessgruppe_alvarez-1-scaled.jpg\",\"width\":2560,\"height\":960,\"caption\":\"Portrait of fitness class standing in row at gym. Group of women with yoga mat standing together at health club.\"},{\"@type\":\"BreadcrumbList\",\"@id\":\"https:\/\/ladyfitness-schenefeld.de\/tr\/kursplan\/#breadcrumb\",\"itemListElement\":[{\"@type\":\"ListItem\",\"position\":1,\"name\":\"Startseite\",\"item\":\"https:\/\/ladyfitness-schenefeld.de\/tr\/\"},{\"@type\":\"ListItem\",\"position\":2,\"name\":\"Kursplan\"}]},{\"@type\":\"WebSite\",\"@id\":\"https:\/\/ladyfitness-schenefeld.de\/tr\/#website\",\"url\":\"https:\/\/ladyfitness-schenefeld.de\/tr\/\",\"name\":\"Lady Fitness Schenefeld\",\"description\":\"Fitness-Studio f\u00fcr Frauen\",\"potentialAction\":[{\"@type\":\"SearchAction\",\"target\":{\"@type\":\"EntryPoint\",\"urlTemplate\":\"https:\/\/ladyfitness-schenefeld.de\/tr\/?s={search_term_string}\"},\"query-input\":{\"@type\":\"PropertyValueSpecification\",\"valueRequired\":true,\"valueName\":\"search_term_string\"}}],\"inLanguage\":\"tr\"}]}<\/script>\n<!-- \/ Yoast SEO plugin. -->","yoast_head_json":{"title":"Kursplan | Lady Fitness Schenefeld","robots":{"index":"index","follow":"follow","max-snippet":"max-snippet:-1","max-image-preview":"max-image-preview:large","max-video-preview":"max-video-preview:-1"},"canonical":"https:\/\/ladyfitness-schenefeld.de\/tr\/kursplan\/","og_locale":"tr_TR","og_type":"article","og_title":"Kursplan | Lady Fitness Schenefeld","og_url":"https:\/\/ladyfitness-schenefeld.de\/tr\/kursplan\/","og_site_name":"Lady Fitness Schenefeld","article_modified_time":"2025-11-04T12:49:40+00:00","og_image":[{"width":2560,"height":960,"url":"https:\/\/ladyfitness-schenefeld.de\/wp-content\/uploads\/LF_Kurse_H_Frauen-Fitnessgruppe_alvarez-1-scaled.jpg","type":"image\/jpeg"}],"twitter_card":"summary_large_image","twitter_misc":{"Tahmini okuma s\u00fcresi":"1 dakika"},"schema":{"@context":"https:\/\/schema.org","@graph":[{"@type":"WebPage","@id":"https:\/\/ladyfitness-schenefeld.de\/tr\/kursplan\/","url":"https:\/\/ladyfitness-schenefeld.de\/tr\/kursplan\/","name":"Kursplan | Lady Fitness Schenefeld","isPartOf":{"@id":"https:\/\/ladyfitness-schenefeld.de\/tr\/#website"},"primaryImageOfPage":{"@id":"https:\/\/ladyfitness-schenefeld.de\/tr\/kursplan\/#primaryimage"},"image":{"@id":"https:\/\/ladyfitness-schenefeld.de\/tr\/kursplan\/#primaryimage"},"thumbnailUrl":"https:\/\/ladyfitness-schenefeld.de\/wp-content\/uploads\/LF_Kurse_H_Frauen-Fitnessgruppe_alvarez-1-scaled.jpg","datePublished":"2024-06-13T09:33:02+00:00","dateModified":"2025-11-04T12:49:40+00:00","breadcrumb":{"@id":"https:\/\/ladyfitness-schenefeld.de\/tr\/kursplan\/#breadcrumb"},"inLanguage":"tr","potentialAction":[{"@type":"ReadAction","target":["https:\/\/ladyfitness-schenefeld.de\/tr\/kursplan\/"]}]},{"@type":"ImageObject","inLanguage":"tr","@id":"https:\/\/ladyfitness-schenefeld.de\/tr\/kursplan\/#primaryimage","url":"https:\/\/ladyfitness-schenefeld.de\/wp-content\/uploads\/LF_Kurse_H_Frauen-Fitnessgruppe_alvarez-1-scaled.jpg","contentUrl":"https:\/\/ladyfitness-schenefeld.de\/wp-content\/uploads\/LF_Kurse_H_Frauen-Fitnessgruppe_alvarez-1-scaled.jpg","width":2560,"height":960,"caption":"Portrait of fitness class standing in row at gym. Group of women with yoga mat standing together at health club."},{"@type":"BreadcrumbList","@id":"https:\/\/ladyfitness-schenefeld.de\/tr\/kursplan\/#breadcrumb","itemListElement":[{"@type":"ListItem","position":1,"name":"Startseite","item":"https:\/\/ladyfitness-schenefeld.de\/tr\/"},{"@type":"ListItem","position":2,"name":"Kursplan"}]},{"@type":"WebSite","@id":"https:\/\/ladyfitness-schenefeld.de\/tr\/#website","url":"https:\/\/ladyfitness-schenefeld.de\/tr\/","name":"Lady Fitness Schenefeld","description":"Fitness-Studio f\u00fcr Frauen","potentialAction":[{"@type":"SearchAction","target":{"@type":"EntryPoint","urlTemplate":"https:\/\/ladyfitness-schenefeld.de\/tr\/?s={search_term_string}"},"query-input":{"@type":"PropertyValueSpecification","valueRequired":true,"valueName":"search_term_string"}}],"inLanguage":"tr"}]}},"_links":{"self":[{"href":"https:\/\/ladyfitness-schenefeld.de\/tr\/wp-json\/wp\/v2\/pages\/10151"}],"collection":[{"href":"https:\/\/ladyfitness-schenefeld.de\/tr\/wp-json\/wp\/v2\/pages"}],"about":[{"href":"https:\/\/ladyfitness-schenefeld.de\/tr\/wp-json\/wp\/v2\/types\/page"}],"author":[{"embeddable":true,"href":"https:\/\/ladyfitness-schenefeld.de\/tr\/wp-json\/wp\/v2\/users\/12"}],"replies":[{"embeddable":true,"href":"https:\/\/ladyfitness-schenefeld.de\/tr\/wp-json\/wp\/v2\/comments?post=10151"}],"version-history":[{"count":5,"href":"https:\/\/ladyfitness-schenefeld.de\/tr\/wp-json\/wp\/v2\/pages\/10151\/revisions"}],"predecessor-version":[{"id":10462,"href":"https:\/\/ladyfitness-schenefeld.de\/tr\/wp-json\/wp\/v2\/pages\/10151\/revisions\/10462"}],"wp:featuredmedia":[{"embeddable":true,"href":"https:\/\/ladyfitness-schenefeld.de\/tr\/wp-json\/wp\/v2\/media\/6841"}],"wp:attachment":[{"href":"https:\/\/ladyfitness-schenefeld.de\/tr\/wp-json\/wp\/v2\/media?parent=10151"}],"curies":[{"name":"wp","href":"https:\/\/api.w.org\/{rel}","templated":true}]}}