{"id":10129,"date":"2024-04-08T16:31:16","date_gmt":"2024-04-08T14:31:16","guid":{"rendered":"https:\/\/ladyfitness-schenefeld.de\/?page_id=10129"},"modified":"2024-04-08T16:31:18","modified_gmt":"2024-04-08T14:31:18","slug":"agb","status":"publish","type":"page","link":"https:\/\/ladyfitness-schenefeld.de\/tr\/agb\/","title":{"rendered":"AGB"},"content":{"rendered":"    <div class=\"swiper-container imageslider-swiper large-image-slider\">\r\n        <div class=\"swiper-wrapper\">\r\n                            <div class=\"swiper-slide\">\r\n                                        <img decoding=\"async\" src=\"https:\/\/ladyfitness-schenefeld.de\/wp-content\/uploads\/Widerrufsbelehrung_Studio_B.jpg\" alt=\"\">\r\n                                                                    <div class=\"image-slider-text\" style=\"background-color: rgba(,,,0.8)\">\r\n                                                    <\/div>\r\n                                    <\/div>\r\n                    <\/div>\r\n        <div class=\"swiper-pagination\"><\/div>\r\n        <div class=\"swiper-button-prev\"><\/div>\r\n        <div class=\"swiper-button-next\"><\/div>\r\n    <\/div>\r\n\n\n        <div class=\"flexible-content acf-content shadow-\" style=\"background-image: none;\" id=\"block_60521842ea196\">\r\n        <div class=\"flexible-content-inner\" style=\"background-color: transparent;\">\r\n            <div class=\"flexible-item-wrapper\">\r\n                                <div class=\"container flexible-items\">\r\n                    <div class=\"row\">\r\n                                                                                    <div class=\" col-sm flexible-item flex-text uncondensed\" data-aos=\"fade-up\">\r\n                                   <div class=\"inner\">\r\n                                       <h1><span class=\"s1\">Allgemeine Gesch\u00e4ftsbedingungen TR<\/span><\/h1>\n<h3><span class=\"s1\">1. Geltungsbereich \/ Allgemeines<\/span><\/h3>\n<p><strong>\u00a0 1.<\/strong>\u00a0Nachfolgende Bedingungen gelten ab dem ersten Tag der Nutzung bis zur Beendigung des Vertragsverh\u00e4ltnisses.<\/p>\n<p><span style=\"font-size: 1.4rem\"><strong>\u00a0 2.<\/strong> Die Rechte aus der Nutzungsvereinbarung sind nicht \u00fcbertragbar.<\/span><\/p>\n<p><span class=\"s1\"><strong>\u00a0 3.<\/strong> Den Anweisungen der Lady Fitness Schenefeld GmbH &amp; Co.KG (nachfolgend Lady Fitness)-Mitarbeiter\/innen bei der Nutzung der Lady Fitness-Clubanlage ist Folge zu leisten.<\/span><\/p>\n<p><span class=\"s1\"><strong>\u00a0 4.<\/strong> Auf dem Hof gilt die Stra\u00dfenverkehrsordnung.<\/span><\/p>\n<p><span class=\"s1\">\u00a0<\/span><\/p>\n<h3><span class=\"s1\">1. Leistungsgegenstand<\/span><\/h3>\n<p><span class=\"s1\"><strong>\u00a0 1.<\/strong> Das Nutzungsentgelt umfasst die Mitbenutzung der Clubanlage auf Mietbasis.<\/span><\/p>\n<p><span class=\"s1\"><strong>\u00a0 2.<\/strong>\u00a0Der\/die Nutzer\/in ist berechtigt, s\u00e4mtliche von ihm\/ihr zur aktiven und passiven Gesundheitspflege und Unterhaltung gemieteten Trainings-, Sauna-,Clubraum- und Erholungseinrichtungen mitzubenutzen sowie an geselligen Aktivit\u00e4ten teilzunehmen.<br \/>\n<\/span><span class=\"s1\"><strong>\u00a0 3.<\/strong> Zusatzleistungen k\u00f6nnen von der Lady Fitness unter Verzicht auf das entsprechende Entgelt aus dem Programm genommen werden.<\/span><\/p>\n<p><span class=\"s1\"><strong>\u00a0 4.<\/strong> Die Vereinbarung vertraglich nicht geregelter Zusatzleistungen ist jederzeit m\u00f6glich, wenn gleichzeitig eine neue Mitgliedschaft vereinbart wird.<\/span><\/p>\n<p><span class=\"s1\">\u00a0<\/span><\/p>\n<h3><span class=\"s1\">1. Nutzerkarte<\/span><\/h3>\n<p><span class=\"s1\"><strong>\u00a0 1.<\/strong> Der Zutritt zum Lady Fitness setzt den Besitz einer g\u00fcltigen und funktionsf\u00e4higen Nutzerkarte voraus, die beim Betretenvorzuweisen ist.<\/span><\/p>\n<p><span class=\"s1\"><strong>\u00a0 2.<\/strong> Der Ersatz verlorener oder funktionsunf\u00e4higer Nutzerkarten ist kostenpflichtig.<\/span><\/p>\n<p><span class=\"s1\">\u00a0<\/span><\/p>\n<h3><span class=\"s1\">1. Preise und Zahlungsbedingungen<\/span><\/h3>\n<p><span class=\"s1\"><b>\u00a0 1. <\/b>Das gesamte auf die jeweilige Laufzeit entfallende Nutzungsentgelt ist mit Beginn der Laufzeit sofort f\u00e4llig.<\/span><\/p>\n<p><span class=\"s1\"><strong>\u00a0 2.<\/strong> Lady Fitness und der\/die Nutzer\/in sind sich dar\u00fcber einig, dass der Gesamtbetrag* nach Ziffer IV.1 in monatlichen Raten gezahltwerden kann.<\/span><\/p>\n<p>&nbsp;<\/p>\n<p>Diese Raten sind jeweils zum 1. oder zum 15. eines jeden Monats im Voraus f\u00e4llig. Der Mitgliedsbeitrag ist grunds\u00e4tzlich auch dann bis zum Ablauf der Mitgliedschaft zu zahlen, wenn die Leistungen nicht in Anspruch genommen werden. Ver\u00e4nderungen der Leistungen berechtigen ebenfalls nicht zu einer Reduzierung oder R\u00fcckforderung des Mitgliedsbeitrages oder zu einer au\u00dferordentlichen K\u00fcndigung.<\/p>\n<p>&nbsp;<\/p>\n<p><span class=\"s1\"><strong>\u00a0 \u00a01.<\/strong> Das vereinbarte Entgelt versteht sich inklusive der derzeit g\u00fcltigen Mehrwertsteuer. \u00c4ndert sich nach Vertragsabschluss der Satz der gesetzlichen Mehrwertsteuer, so \u00e4ndert sich die vereinbarte Nutzungsgeb\u00fchr entsprechend. Die Anpassung <\/span>erfolgt automatisch\u00a0ohne gesonderte Erkl\u00e4rung\u00a0der Lady Fitness und wird erstmalig wirksam bei der\u00a0ersten zeitlich nach \u00c4nderung der gesetzlichen\u00a0Mehrwertsteuer\u00a0f\u00e4lligen Nutzungsgeb\u00fchr.<\/p>\n<p><span class=\"s1\">\u00a0 <strong>1.<\/strong> Bei \u00dcberweisungen, Dauerauftrag oder Barzahlung wird ein Zuschlag von EUR 3,- pro Zahlungf\u00e4llig.<\/span><\/p>\n<p><span class=\"s1\">\u00a0 <strong>2.<\/strong> Dem\/der Nutzer\/in werden bei R\u00fccklastschriften die von der Bank erhobenen Geb\u00fchren sowie EUR 9,- Bearbeitungsgeb\u00fchr berechnet, wenn er\/ sie diese zu vertreten hat. Der Nachweis eines geringeren Schadens bleibt dem\/der Nutzer\/in vorbehalten.<\/span><\/p>\n<p>&nbsp;<\/p>\n<h3><span class=\"s1\">1. Ruhen der Mitgliedschaft \/ au\u00dferordentliche K\u00fcndigung<\/span><\/h3>\n<p><span class=\"s1\"><strong>\u00a0 1.<\/strong> Bei Schwangerschaft kann die Mitgliedschaft auf Antrag der Nutzerin f\u00fcr einen im Voraus zu be- stimmenden Zeitraum, maximal f\u00fcr 12 Monate, beitragsfrei ruhen. Die Vertragslaufzeit verl\u00e4ngert sich um die Zeitspanne, w\u00e4hrend der die Mitgliedschaft ruht.<\/span><\/p>\n<p><span class=\"s1\">\u00a0 <strong>2.<\/strong> Das gesetzliche Recht zur au\u00dferordentlichen K\u00fcndigung bei Vorliegen eines wichtigen Grundes bleibt unber\u00fchrt.<\/span><\/p>\n<p><span class=\"s1\">\u00a0<\/span><\/p>\n<h3><span class=\"s1\">1. Mitteilung Adresse, E-Mail, Bankverbindung<\/span><\/h3>\n<p><span class=\"s1\">Anschriften\u00e4nderungen und bei Abbuchungsauftr\u00e4gen auch Konto\u00e4nderungen sind dem\u00a0Lady Fitness unverz\u00fcglich\u00a0mitzuteilen.<\/span><\/p>\n<p><span class=\"s1\">\u00a0<\/span><\/p>\n<h3><span class=\"s1\">1. Haftung<\/span><\/h3>\n<p><span class=\"s1\">\u00a0 <strong>1.<\/strong> Die Haftung der Lady Fitness f\u00fcr vertragliche Pflichtverletzungen und aus Delikt ist auf Vorsatz und grobe Fahrl\u00e4ssigkeit beschr\u00e4nkt; diese Beschr\u00e4nkung gilt nicht bei der Verletzung von Leben, K\u00f6rper und Gesundheit dem\/der Nutzerin und bei Anspr\u00fcchen wegen der Verletzung von Kardinalpflichten. Kardinalpflichten sind Pflichten, deren Erf\u00fcllung die ordnungsgem\u00e4\u00dfe Durchf\u00fchrung des Vertrages \u00fcberhaupt erst erm\u00f6glichen und auf deren Einhaltung der Vertragspartner regelm\u00e4\u00dfig vertrauen darf.<\/span><\/p>\n<p><span class=\"s1\">\u00a0 <strong>2.<\/strong> F\u00fcr ausschlie\u00dflich von dem\/der Nutzer\/in selbst verschuldete Unf\u00e4lle \u00fcbernimmt Lady Fitness keine Haftung.<\/span><\/p>\n<p><span class=\"s1\">\u00a0<\/span><\/p>\n<h3><span class=\"s1\">1. Schlussbestimmungen<\/span><\/h3>\n<p><span class=\"s1\">Sollte eine Bestimmung unwirksam sein oder werden, so bleiben die \u00fcbrigen Vereinbarung hiervon\u00a0unber\u00fchrt.<\/span><\/p>\n<p><span class=\"s1\">\u00a0<\/span><\/p>\n<p><span class=\"s1\"><strong>Stand:<\/strong>\u00a005.2016\u00a0Lady Fitness\u00a0Schenefeld GmbH\u00a0&amp;\u00a0Co.\u00a0KG<\/span><\/p>\n                                   <\/div>\r\n                                <\/div>\r\n                                                                        <\/div>\r\n                <\/div>\r\n            <\/div>\r\n        <\/div>\r\n    <\/div>\r\n\r\n","protected":false},"excerpt":{"rendered":"","protected":false},"author":9,"featured_media":0,"parent":0,"menu_order":7,"comment_status":"closed","ping_status":"closed","template":"","meta":{"_acf_changed":false,"footnotes":""},"acf":[],"yoast_head":"<!-- This site is optimized with the Yoast SEO plugin v23.6 - https:\/\/yoast.com\/wordpress\/plugins\/seo\/ -->\n<title>AGB | Lady Fitness Schenefeld<\/title>\n<meta name=\"robots\" content=\"index, follow, max-snippet:-1, max-image-preview:large, max-video-preview:-1\" \/>\n<link rel=\"canonical\" href=\"https:\/\/ladyfitness-schenefeld.de\/tr\/agb\/\" \/>\n<meta property=\"og:locale\" content=\"tr_TR\" \/>\n<meta property=\"og:type\" content=\"article\" \/>\n<meta property=\"og:title\" content=\"AGB | Lady Fitness Schenefeld\" \/>\n<meta property=\"og:url\" content=\"https:\/\/ladyfitness-schenefeld.de\/tr\/agb\/\" \/>\n<meta property=\"og:site_name\" content=\"Lady Fitness Schenefeld\" \/>\n<meta property=\"article:modified_time\" content=\"2024-04-08T14:31:18+00:00\" \/>\n<meta name=\"twitter:card\" content=\"summary_large_image\" \/>\n<script type=\"application\/ld+json\" class=\"yoast-schema-graph\">{\"@context\":\"https:\/\/schema.org\",\"@graph\":[{\"@type\":\"WebPage\",\"@id\":\"https:\/\/ladyfitness-schenefeld.de\/tr\/agb\/\",\"url\":\"https:\/\/ladyfitness-schenefeld.de\/tr\/agb\/\",\"name\":\"AGB | Lady Fitness Schenefeld\",\"isPartOf\":{\"@id\":\"https:\/\/ladyfitness-schenefeld.de\/tr\/#website\"},\"datePublished\":\"2024-04-08T14:31:16+00:00\",\"dateModified\":\"2024-04-08T14:31:18+00:00\",\"breadcrumb\":{\"@id\":\"https:\/\/ladyfitness-schenefeld.de\/tr\/agb\/#breadcrumb\"},\"inLanguage\":\"tr\",\"potentialAction\":[{\"@type\":\"ReadAction\",\"target\":[\"https:\/\/ladyfitness-schenefeld.de\/tr\/agb\/\"]}]},{\"@type\":\"BreadcrumbList\",\"@id\":\"https:\/\/ladyfitness-schenefeld.de\/tr\/agb\/#breadcrumb\",\"itemListElement\":[{\"@type\":\"ListItem\",\"position\":1,\"name\":\"Startseite\",\"item\":\"https:\/\/ladyfitness-schenefeld.de\/tr\/\"},{\"@type\":\"ListItem\",\"position\":2,\"name\":\"AGB\"}]},{\"@type\":\"WebSite\",\"@id\":\"https:\/\/ladyfitness-schenefeld.de\/tr\/#website\",\"url\":\"https:\/\/ladyfitness-schenefeld.de\/tr\/\",\"name\":\"Lady Fitness Schenefeld\",\"description\":\"Fitness-Studio f\u00fcr Frauen\",\"potentialAction\":[{\"@type\":\"SearchAction\",\"target\":{\"@type\":\"EntryPoint\",\"urlTemplate\":\"https:\/\/ladyfitness-schenefeld.de\/tr\/?s={search_term_string}\"},\"query-input\":{\"@type\":\"PropertyValueSpecification\",\"valueRequired\":true,\"valueName\":\"search_term_string\"}}],\"inLanguage\":\"tr\"}]}<\/script>\n<!-- \/ Yoast SEO plugin. -->","yoast_head_json":{"title":"AGB | Lady Fitness Schenefeld","robots":{"index":"index","follow":"follow","max-snippet":"max-snippet:-1","max-image-preview":"max-image-preview:large","max-video-preview":"max-video-preview:-1"},"canonical":"https:\/\/ladyfitness-schenefeld.de\/tr\/agb\/","og_locale":"tr_TR","og_type":"article","og_title":"AGB | Lady Fitness Schenefeld","og_url":"https:\/\/ladyfitness-schenefeld.de\/tr\/agb\/","og_site_name":"Lady Fitness Schenefeld","article_modified_time":"2024-04-08T14:31:18+00:00","twitter_card":"summary_large_image","schema":{"@context":"https:\/\/schema.org","@graph":[{"@type":"WebPage","@id":"https:\/\/ladyfitness-schenefeld.de\/tr\/agb\/","url":"https:\/\/ladyfitness-schenefeld.de\/tr\/agb\/","name":"AGB | Lady Fitness Schenefeld","isPartOf":{"@id":"https:\/\/ladyfitness-schenefeld.de\/tr\/#website"},"datePublished":"2024-04-08T14:31:16+00:00","dateModified":"2024-04-08T14:31:18+00:00","breadcrumb":{"@id":"https:\/\/ladyfitness-schenefeld.de\/tr\/agb\/#breadcrumb"},"inLanguage":"tr","potentialAction":[{"@type":"ReadAction","target":["https:\/\/ladyfitness-schenefeld.de\/tr\/agb\/"]}]},{"@type":"BreadcrumbList","@id":"https:\/\/ladyfitness-schenefeld.de\/tr\/agb\/#breadcrumb","itemListElement":[{"@type":"ListItem","position":1,"name":"Startseite","item":"https:\/\/ladyfitness-schenefeld.de\/tr\/"},{"@type":"ListItem","position":2,"name":"AGB"}]},{"@type":"WebSite","@id":"https:\/\/ladyfitness-schenefeld.de\/tr\/#website","url":"https:\/\/ladyfitness-schenefeld.de\/tr\/","name":"Lady Fitness Schenefeld","description":"Fitness-Studio f\u00fcr Frauen","potentialAction":[{"@type":"SearchAction","target":{"@type":"EntryPoint","urlTemplate":"https:\/\/ladyfitness-schenefeld.de\/tr\/?s={search_term_string}"},"query-input":{"@type":"PropertyValueSpecification","valueRequired":true,"valueName":"search_term_string"}}],"inLanguage":"tr"}]}},"_links":{"self":[{"href":"https:\/\/ladyfitness-schenefeld.de\/tr\/wp-json\/wp\/v2\/pages\/10129"}],"collection":[{"href":"https:\/\/ladyfitness-schenefeld.de\/tr\/wp-json\/wp\/v2\/pages"}],"about":[{"href":"https:\/\/ladyfitness-schenefeld.de\/tr\/wp-json\/wp\/v2\/types\/page"}],"author":[{"embeddable":true,"href":"https:\/\/ladyfitness-schenefeld.de\/tr\/wp-json\/wp\/v2\/users\/9"}],"replies":[{"embeddable":true,"href":"https:\/\/ladyfitness-schenefeld.de\/tr\/wp-json\/wp\/v2\/comments?post=10129"}],"version-history":[{"count":2,"href":"https:\/\/ladyfitness-schenefeld.de\/tr\/wp-json\/wp\/v2\/pages\/10129\/revisions"}],"predecessor-version":[{"id":10131,"href":"https:\/\/ladyfitness-schenefeld.de\/tr\/wp-json\/wp\/v2\/pages\/10129\/revisions\/10131"}],"wp:attachment":[{"href":"https:\/\/ladyfitness-schenefeld.de\/tr\/wp-json\/wp\/v2\/media?parent=10129"}],"curies":[{"name":"wp","href":"https:\/\/api.w.org\/{rel}","templated":true}]}}